{"id":33,"date":"2026-04-05T20:29:46","date_gmt":"2026-04-05T20:29:46","guid":{"rendered":"http:\/\/kolekcjonerzy.org\/?page_id=33"},"modified":"2026-04-07T09:53:44","modified_gmt":"2026-04-07T09:53:44","slug":"home-2","status":"publish","type":"page","link":"https:\/\/kolekcjonerzy.org\/","title":{"rendered":"Home"},"content":{"rendered":"\n<div class=\"wp-block-uagb-container uagb-block-33914ddc alignfull uagb-is-root-container\"><div class=\"uagb-container-inner-blocks-wrap\">\n<div class=\"wp-block-uagb-info-box uagb-block-32540a6c uagb-infobox__content-wrap  uagb-infobox-icon-above-title uagb-infobox-image-valign-top\"><div class=\"uagb-ifb-content\"><div class=\"uagb-ifb-title-wrap\"><span class=\"uagb-ifb-title-prefix\">istniejemy od 2012 roku<\/span><h2 class=\"uagb-ifb-title\">Polskie Towarzystwo Kolekcjonerskie <br>\u2013 Historia i Wiedza<\/h2><\/div><p class=\"uagb-ifb-desc\">Odkryj bogat\u0105 histori\u0119 broni palnej, edukacj\u0119 i odpowiedzialno\u015b\u0107. Razem budujemy przysz\u0142o\u015b\u0107 kolekcjonowania.<\/p><div class=\"uagb-ifb-button-wrapper wp-block-button\"><a href=\"kontakt\/\" class=\"uagb-infobox-cta-link wp-block-button__link\" target=\"_self\" rel=\"noopener noreferrer\" onclick=\"return true;\"><span class=\"uagb-inline-editing\">Dowiedz si\u0119 wi\u0119cej<\/span><\/a><\/div><\/div><\/div>\n<\/div><\/div>\n\n\n\n<div class=\"wp-block-uagb-container uagb-block-5b740152 alignfull uagb-is-root-container\"><div class=\"uagb-container-inner-blocks-wrap\">\n<div class=\"wp-block-uagb-container uagb-block-590aa15a\">\n<div class=\"wp-block-uagb-info-box uagb-block-2359313e uagb-infobox__content-wrap  uagb-infobox-icon-above-title uagb-infobox-image-valign-top\"><div class=\"uagb-ifb-content\"><div class=\"uagb-ifb-title-wrap\"><span class=\"uagb-ifb-title-prefix\">O nas<\/span><h2 class=\"uagb-ifb-title\">Poznaj Polskie Towarzystwo Kolekcjonerskie<\/h2><\/div><\/div><\/div>\n<\/div>\n\n\n\n<div class=\"wp-block-uagb-container uagb-block-6ec428b1\">\n<div class=\"wp-block-uagb-advanced-heading uagb-block-e30f7b91\"><h3 class=\"uagb-heading-text\">Jeste\u015bmy organizacj\u0105 non-profit z Warszawy, skupion\u0105 na historii broni palnej oraz edukacji w tym zakresie.<\/h3><p class=\"uagb-desc-text\">Nasze Towarzystwo, za\u0142o\u017cone w 2012 roku przez pasjonat\u00f3w broni palnej, oferuje szeroki zakres publikacji, komentarzy prawnych oraz warsztat\u00f3w. Jako uznany lider w tej dziedzinie, k\u0142adziemy nacisk na edukacj\u0119 oraz odpowiedzialno\u015b\u0107, a nasze osi\u0105gni\u0119cia by\u0142y doceniane w r\u00f3\u017cnych kr\u0119gach kulturowych i prawnych.<\/p><\/div>\n\n\n\n<div class=\"wp-block-uagb-buttons uagb-buttons__outer-wrap uagb-btn__default-btn uagb-btn-tablet__default-btn uagb-btn-mobile__default-btn uagb-block-dce11512\"><div class=\"uagb-buttons__wrap uagb-buttons-layout-wrap \">\n<div class=\"wp-block-uagb-buttons-child uagb-buttons__outer-wrap uagb-block-dff7d825 wp-block-button\"><div class=\"uagb-button__wrapper\"><a class=\"uagb-buttons-repeater ast-outline-button\" aria-label=\"\" style=\"border-width:revert-layer\" href=\"about\/\" rel=\"follow noopener\" target=\"_self\" role=\"button\"><div class=\"uagb-button__link\">DOWIEDZ SI\u0118 WI\u0118CEJ<\/div><\/a><\/div><\/div>\n<\/div><\/div>\n<\/div>\n<\/div><\/div>\n\n\n\n<div class=\"wp-block-uagb-container uagb-block-6524a66f alignfull uagb-is-root-container\"><div class=\"uagb-container-inner-blocks-wrap\">\n<div class=\"wp-block-uagb-info-box uagb-block-99aa96b3 uagb-infobox__content-wrap  uagb-infobox-icon-above-title uagb-infobox-image-valign-top\"><div class=\"uagb-ifb-content\"><div class=\"uagb-ifb-title-wrap\"><span class=\"uagb-ifb-title-prefix\">Nasza oferta<\/span><h2 class=\"uagb-ifb-title\">Edukacja i Publikacje<\/h2><\/div><p class=\"uagb-ifb-desc\">Nasze dzia\u0142ania skupiaj\u0105 si\u0119 na historii broni palnej, analizach prawnych i recenzjach produkt\u00f3w.<\/p><\/div><\/div>\n\n\n\n<div class=\"wp-block-uagb-container uagb-block-a0a42333\">\n<div class=\"wp-block-uagb-container uagb-block-9abd22a4\">\n<div class=\"wp-block-uagb-advanced-heading uagb-block-769a552b\"><h2 class=\"uagb-heading-text\">01.<\/h2><div class=\"uagb-separator\"><\/div><\/div>\n\n\n\n<div class=\"wp-block-uagb-info-box uagb-block-d59c5b69 uagb-infobox__content-wrap  uagb-infobox-icon-above-title uagb-infobox-image-valign-top\"><div class=\"uagb-ifb-content\"><div class=\"uagb-ifb-title-wrap\"><h3 class=\"uagb-ifb-title\">Publikacje<\/h3><\/div><p class=\"uagb-ifb-desc\">Oferujemy bogaty zbi\u00f3r artyku\u0142\u00f3w i esej\u00f3w na temat historii broni oraz prawa dotycz\u0105cego broni.<\/p><div class=\"uagb-ifb-button-wrapper wp-block-button\"><a href=\"services\/\" target=\"_self\" onclick=\"return true;\" class=\"uagb-infobox-cta-link\" rel=\"noopener noreferrer\"><span class=\"uagb-inline-editing\">DOWIEDZ SI\u0118 WI\u0118CEJ<\/span><\/a><\/div><\/div><\/div>\n<\/div>\n\n\n\n<div class=\"wp-block-uagb-container uagb-block-032d95fc\">\n<div class=\"wp-block-uagb-advanced-heading uagb-block-728f4cfc\"><h2 class=\"uagb-heading-text\">02.<\/h2><div class=\"uagb-separator\"><\/div><\/div>\n\n\n\n<div class=\"wp-block-uagb-info-box uagb-block-ef01bad9 uagb-infobox__content-wrap  uagb-infobox-icon-above-title uagb-infobox-image-valign-top\"><div class=\"uagb-ifb-content\"><div class=\"uagb-ifb-title-wrap\"><h3 class=\"uagb-ifb-title\">Recenzje Broni<\/h3><\/div><p class=\"uagb-ifb-desc\">Przegl\u0105dy najlepszych modeli broni, kt\u00f3re \u0142\u0105cz\u0105 w sobie jako\u015b\u0107 i histori\u0119.<\/p><div class=\"uagb-ifb-button-wrapper wp-block-button\"><a href=\"services\/\" target=\"_self\" onclick=\"return true;\" class=\"uagb-infobox-cta-link\" rel=\"noopener noreferrer\"><span class=\"uagb-inline-editing\">DOWIEDZ SI\u0118 WI\u0118CEJ<\/span><\/a><\/div><\/div><\/div>\n<\/div>\n\n\n\n<div class=\"wp-block-uagb-container uagb-block-9c8fa577\">\n<div class=\"wp-block-uagb-advanced-heading uagb-block-cd560cd0\"><h2 class=\"uagb-heading-text\">03.<\/h2><div class=\"uagb-separator\"><\/div><\/div>\n\n\n\n<div class=\"wp-block-uagb-info-box uagb-block-0bb78aa6 uagb-infobox__content-wrap  uagb-infobox-icon-above-title uagb-infobox-image-valign-top\"><div class=\"uagb-ifb-content\"><div class=\"uagb-ifb-title-wrap\"><h3 class=\"uagb-ifb-title\">Dzia\u0142alno\u015b\u0107 Spo\u0142eczna<\/h3><\/div><p class=\"uagb-ifb-desc\">Aktywnie anga\u017cujemy si\u0119 w dzia\u0142ania wspieraj\u0105ce spo\u0142eczno\u015b\u0107 kolekcjonersk\u0105 broni.<\/p><div class=\"uagb-ifb-button-wrapper wp-block-button\"><a href=\"services\/\" target=\"_self\" onclick=\"return true;\" class=\"uagb-infobox-cta-link\" rel=\"noopener noreferrer\"><span class=\"uagb-inline-editing\">DOWIEDZ SI\u0118 WI\u0118CEJ<\/span><\/a><\/div><\/div><\/div>\n<\/div>\n<\/div>\n<\/div><\/div>\n\n\n\n<div class=\"wp-block-uagb-container uagb-block-23d0646f alignfull uagb-is-root-container\"><div class=\"uagb-container-inner-blocks-wrap\">\n<div class=\"wp-block-uagb-container uagb-block-a2d43849\">\n<div class=\"wp-block-uagb-counter uagb-block-ead41114 wp-block-uagb-counter--number\"><div class=\"wp-block-uagb-counter__number\"><span class=\"uagb-counter-block-number\" data-duration=\"1.5\" data-to-value=\"25\" data-from-value=\"0\" data-delimiter=\",\"><\/span><span class=\"uagb-counter-block-suffix\">+<\/span><\/div><div class=\"wp-block-uagb-counter__title\">Cz\u0142onkowie zespo\u0142u<\/div><\/div>\n<\/div>\n\n\n\n<div class=\"wp-block-uagb-container uagb-block-097966ea\">\n<div class=\"wp-block-uagb-counter uagb-block-eb69c34f wp-block-uagb-counter--number\"><div class=\"wp-block-uagb-counter__number\"><span class=\"uagb-counter-block-number\" data-duration=\"1.5\" data-to-value=\"12\" data-from-value=\"0\" data-delimiter=\",\"><\/span><span class=\"uagb-counter-block-suffix\">+<\/span><\/div><div class=\"wp-block-uagb-counter__title\">Lata do\u015bwiadczenia<\/div><\/div>\n<\/div>\n\n\n\n<div class=\"wp-block-uagb-container uagb-block-bd62307c\">\n<div class=\"wp-block-uagb-counter uagb-block-5a657ec5 wp-block-uagb-counter--number\"><div class=\"wp-block-uagb-counter__number\"><span class=\"uagb-counter-block-number\" data-duration=\"1.5\" data-to-value=\"200\" data-from-value=\"0\" data-delimiter=\",\"><\/span><span class=\"uagb-counter-block-suffix\">+<\/span><\/div><div class=\"wp-block-uagb-counter__title\">pozwole\u0144 na bro\u0144<\/div><\/div>\n<\/div>\n<\/div><\/div>\n\n\n\n<div class=\"wp-block-uagb-container uagb-block-c61f515b alignfull uagb-is-root-container\">\n<div class=\"wp-block-uagb-container uagb-block-b88a5352\">\n<div class=\"wp-block-uagb-info-box uagb-block-089a5fbd uagb-infobox__content-wrap  uagb-infobox-icon-above-title uagb-infobox-image-valign-top\"><div class=\"uagb-ifb-content\"><div class=\"uagb-ifb-title-wrap\"><span class=\"uagb-ifb-title-prefix\">Historia<\/span><h2 class=\"uagb-ifb-title\">Nasze pocz\u0105tki w Warszawie<\/h2><\/div><p class=\"uagb-ifb-desc\">Polskie Towarzystwo Kolekcjonerskie zosta\u0142o za\u0142o\u017cone w 2012 roku przez grup\u0119 zapalonych kolekcjoner\u00f3w broni palnej. Od samego pocz\u0105tku misj\u0105 Towarzystwa jest promowanie wiedzy o historii broni i edukacja w zakresie odpowiedzialnego kolekcjonowania. Nasze dzia\u0142ania obejmuj\u0105 zar\u00f3wno organizacj\u0119 wydarze\u0144, jak i publikacj\u0119 r\u00f3\u017cnorodnych materia\u0142\u00f3w naukowych.<\/p><div class=\"uagb-ifb-button-wrapper wp-block-button\"><a href=\"about\/\" class=\"uagb-infobox-cta-link wp-block-button__link\" target=\"_self\" rel=\"noopener noreferrer\" onclick=\"return true;\"><span class=\"uagb-inline-editing\">DOWIEDZ SI\u0118 WI\u0118CEJ<\/span><\/a><\/div><\/div><\/div>\n<\/div>\n<\/div>\n\n\n\n<div class=\"wp-block-uagb-container uagb-block-2f326697 alignfull uagb-is-root-container\"><div class=\"uagb-container-inner-blocks-wrap\">\n<div class=\"wp-block-uagb-info-box uagb-block-76ceb716 uagb-infobox__content-wrap  uagb-infobox-icon-above-title uagb-infobox-image-valign-top\"><div class=\"uagb-ifb-content\"><div class=\"uagb-ifb-title-wrap\"><span class=\"uagb-ifb-title-prefix\">Dlaczego warto z nami by\u0107?<\/span><h2 class=\"uagb-ifb-title\">Nasza unikalna propozycja dla kolekcjoner\u00f3w<\/h2><\/div><p class=\"uagb-ifb-desc\">Oferujemy bezprecedensowe zasoby i wsparcie dla pasjonat\u00f3w kolekcjonowania broni.<\/p><\/div><\/div>\n\n\n\n<div class=\"wp-block-uagb-image alignleft uagb-block-3c7a7974 wp-block-uagb-image--layout-default wp-block-uagb-image--effect-static wp-block-uagb-image--align-left\"><figure class=\"wp-block-uagb-image__figure\"><img decoding=\"async\" srcset=\"https:\/\/kolekcjonerzy.org\/wp-content\/uploads\/2026\/04\/a-man-with-a-rifle-in-a-field-reaqeozgiwc.jpeg ,https:\/\/kolekcjonerzy.org\/wp-content\/uploads\/2026\/04\/a-man-with-a-rifle-in-a-field-reaqeozgiwc.jpeg 780w, https:\/\/kolekcjonerzy.org\/wp-content\/uploads\/2026\/04\/a-man-with-a-rifle-in-a-field-reaqeozgiwc.jpeg 360w\" sizes=\"auto, (max-width: 480px) 150px\" src=\"https:\/\/kolekcjonerzy.org\/wp-content\/uploads\/2026\/04\/a-man-with-a-rifle-in-a-field-reaqeozgiwc.jpeg\" alt=\"a-man-with-a-rifle-in-a-field-reaqeozgiwc\" class=\"uag-image-436\" width=\"1200\" height=\"450\" title=\"Home\" loading=\"lazy\" role=\"img\"><\/figure><\/div>\n\n\n\n<div class=\"wp-block-uagb-container uagb-block-84e181c4\">\n<div class=\"wp-block-uagb-info-box uagb-block-4bbc11b0 uagb-infobox__content-wrap  uagb-infobox-icon-above-title uagb-infobox-image-valign-top\"><div class=\"uagb-ifb-content\"><div class=\"uagb-ifb-title-wrap\"><span class=\"uagb-ifb-title-prefix\">01<\/span><h3 class=\"uagb-ifb-title\">Edukacja na najwy\u017cszym poziomie<\/h3><\/div><p class=\"uagb-ifb-desc\">Organizujemy szkolenia i wyk\u0142ady prowadzone przez ekspert\u00f3w z dziedziny historii i prawa dotycz\u0105cego broni.<\/p><\/div><\/div>\n\n\n\n<div class=\"wp-block-uagb-info-box uagb-block-e039f349 uagb-infobox__content-wrap  uagb-infobox-icon-above-title uagb-infobox-image-valign-top\"><div class=\"uagb-ifb-content\"><div class=\"uagb-ifb-title-wrap\"><span class=\"uagb-ifb-title-prefix\">02<\/span><h3 class=\"uagb-ifb-title\">Dost\u0119p do rzadkich publikacji<\/h3><\/div><p class=\"uagb-ifb-desc\">Nasza biblioteka oferuje wyj\u0105tkowe materia\u0142y, kt\u00f3rych nie znajdziesz nigdzie indziej.<\/p><\/div><\/div>\n\n\n\n<div class=\"wp-block-uagb-info-box uagb-block-8ff54d31 uagb-infobox__content-wrap  uagb-infobox-icon-above-title uagb-infobox-image-valign-top\"><div class=\"uagb-ifb-content\"><div class=\"uagb-ifb-title-wrap\"><span class=\"uagb-ifb-title-prefix\">03<\/span><h3 class=\"uagb-ifb-title\">Silna spo\u0142eczno\u015b\u0107 kolekcjoner\u00f3w<\/h3><\/div><p class=\"uagb-ifb-desc\">\u0141\u0105czymy pasjonat\u00f3w kolekcjonowania broni, aby wspiera\u0107 si\u0119 nawzajem i wymienia\u0107 do\u015bwiadczeniami.<\/p><\/div><\/div>\n<\/div>\n<\/div><\/div>\n\n\n\n<div class=\"wp-block-uagb-container uagb-block-b684870f alignfull uagb-is-root-container\"><div class=\"uagb-container-inner-blocks-wrap\">\n<div class=\"wp-block-uagb-info-box uagb-block-f83a47d8 uagb-infobox__content-wrap  uagb-infobox-icon-above-title uagb-infobox-image-valign-top\"><div class=\"uagb-ifb-content\"><div class=\"uagb-ifb-title-wrap\"><span class=\"uagb-ifb-title-prefix\">Kolekcjonowanie to pasja na ca\u0142e \u017cycie<\/span><h2 class=\"uagb-ifb-title\">Zosta\u0144 cz\u0119\u015bci\u0105 Polskiego Towarzystwa Kolekcjonerskiego!<\/h2><\/div><p class=\"uagb-ifb-desc\">Nie przegap szansy na rozw\u00f3j swoich umiej\u0119tno\u015bci i wiedzy w kolekcjonowaniu broni.<\/p><div class=\"uagb-ifb-button-wrapper wp-block-button\"><a href=\"\/contact\/\" class=\"uagb-infobox-cta-link wp-block-button__link\" target=\"_self\" rel=\"noopener noreferrer\" onclick=\"return true;\"><span class=\"uagb-inline-editing\">Dowiedz si\u0119 wi\u0119cej<\/span><\/a><\/div><\/div><\/div>\n<\/div><\/div>\n","protected":false},"excerpt":{"rendered":"<p>Jeste\u015bmy organizacj\u0105 non-profit z Warszawy, skupion\u0105 na historii broni palnej oraz edukacji w tym zakresie. Nasze Towarzystwo, za\u0142o\u017cone w 2012 [&hellip;]<\/p>\n","protected":false},"author":6,"featured_media":0,"parent":0,"menu_order":0,"comment_status":"closed","ping_status":"closed","template":"","meta":{"_uag_custom_page_level_css":"","site-sidebar-layout":"default","site-content-layout":"","ast-site-content-layout":"default","site-content-style":"default","site-sidebar-style":"default","ast-global-header-display":"","ast-banner-title-visibility":"","ast-main-header-display":"","ast-hfb-above-header-display":"","ast-hfb-below-header-display":"","ast-hfb-mobile-header-display":"","site-post-title":"disabled","ast-breadcrumbs-content":"","ast-featured-img":"","footer-sml-layout":"","ast-disable-related-posts":"","theme-transparent-header-meta":"enabled","adv-header-id-meta":"","stick-header-meta":"","header-above-stick-meta":"","header-main-stick-meta":"","header-below-stick-meta":"","astra-migrate-meta-layouts":"default","ast-page-background-enabled":"default","ast-page-background-meta":{"desktop":{"background-color":"var(--ast-global-color-4)","background-image":"","background-repeat":"repeat","background-position":"center center","background-size":"auto","background-attachment":"scroll","background-type":"","background-media":"","overlay-type":"","overlay-color":"","overlay-opacity":"","overlay-gradient":""},"tablet":{"background-color":"","background-image":"","background-repeat":"repeat","background-position":"center center","background-size":"auto","background-attachment":"scroll","background-type":"","background-media":"","overlay-type":"","overlay-color":"","overlay-opacity":"","overlay-gradient":""},"mobile":{"background-color":"","background-image":"","background-repeat":"repeat","background-position":"center center","background-size":"auto","background-attachment":"scroll","background-type":"","background-media":"","overlay-type":"","overlay-color":"","overlay-opacity":"","overlay-gradient":""}},"ast-content-background-meta":{"desktop":{"background-color":"var(--ast-global-color-5)","background-image":"","background-repeat":"repeat","background-position":"center center","background-size":"auto","background-attachment":"scroll","background-type":"","background-media":"","overlay-type":"","overlay-color":"","overlay-opacity":"","overlay-gradient":""},"tablet":{"background-color":"var(--ast-global-color-5)","background-image":"","background-repeat":"repeat","background-position":"center center","background-size":"auto","background-attachment":"scroll","background-type":"","background-media":"","overlay-type":"","overlay-color":"","overlay-opacity":"","overlay-gradient":""},"mobile":{"background-color":"var(--ast-global-color-5)","background-image":"","background-repeat":"repeat","background-position":"center center","background-size":"auto","background-attachment":"scroll","background-type":"","background-media":"","overlay-type":"","overlay-color":"","overlay-opacity":"","overlay-gradient":""}},"footnotes":""},"class_list":["post-33","page","type-page","status-publish","hentry"],"uagb_featured_image_src":{"full":false,"thumbnail":false,"medium":false,"medium_large":false,"large":false,"1536x1536":false,"2048x2048":false},"uagb_author_info":{"display_name":"admin","author_link":"https:\/\/kolekcjonerzy.org\/?author=6"},"uagb_comment_info":0,"uagb_excerpt":"Jeste\u015bmy organizacj\u0105 non-profit z Warszawy, skupion\u0105 na historii broni palnej oraz edukacji w tym zakresie. Nasze Towarzystwo, za\u0142o\u017cone w 2012 [&hellip;]","_links":{"self":[{"href":"https:\/\/kolekcjonerzy.org\/index.php?rest_route=\/wp\/v2\/pages\/33","targetHints":{"allow":["GET"]}}],"collection":[{"href":"https:\/\/kolekcjonerzy.org\/index.php?rest_route=\/wp\/v2\/pages"}],"about":[{"href":"https:\/\/kolekcjonerzy.org\/index.php?rest_route=\/wp\/v2\/types\/page"}],"author":[{"embeddable":true,"href":"https:\/\/kolekcjonerzy.org\/index.php?rest_route=\/wp\/v2\/users\/6"}],"replies":[{"embeddable":true,"href":"https:\/\/kolekcjonerzy.org\/index.php?rest_route=%2Fwp%2Fv2%2Fcomments&post=33"}],"version-history":[{"count":5,"href":"https:\/\/kolekcjonerzy.org\/index.php?rest_route=\/wp\/v2\/pages\/33\/revisions"}],"predecessor-version":[{"id":499,"href":"https:\/\/kolekcjonerzy.org\/index.php?rest_route=\/wp\/v2\/pages\/33\/revisions\/499"}],"wp:attachment":[{"href":"https:\/\/kolekcjonerzy.org\/index.php?rest_route=%2Fwp%2Fv2%2Fmedia&parent=33"}],"curies":[{"name":"wp","href":"https:\/\/api.w.org\/{rel}","templated":true}]}}