{"id":35,"date":"2026-04-05T20:29:47","date_gmt":"2026-04-05T20:29:47","guid":{"rendered":"http:\/\/kolekcjonerzy.org\/?page_id=35"},"modified":"2026-04-05T20:29:47","modified_gmt":"2026-04-05T20:29:47","slug":"about","status":"publish","type":"page","link":"https:\/\/kolekcjonerzy.org\/?page_id=35","title":{"rendered":"About"},"content":{"rendered":"\n<div class=\"wp-block-uagb-container uagb-block-9ed5e6d4 alignfull uagb-is-root-container\"><div class=\"uagb-container-inner-blocks-wrap\">\n<div class=\"wp-block-uagb-info-box uagb-block-d5b134cc uagb-infobox__content-wrap  uagb-infobox-icon-above-title uagb-infobox-image-valign-top\"><div class=\"uagb-ifb-content\"><div class=\"uagb-ifb-title-wrap\"><span class=\"uagb-ifb-title-prefix\">Zrozumienie i Pasja<\/span><h1 class=\"uagb-ifb-title\">Poznaj nasz\u0105 histori\u0119 i misj\u0119<\/h1><\/div><\/div><\/div>\n<\/div><\/div>\n\n\n\n<div class=\"wp-block-uagb-container uagb-block-43961427 alignfull uagb-is-root-container\"><div class=\"uagb-container-inner-blocks-wrap\">\n<div class=\"wp-block-uagb-container uagb-block-91de6b3c\">\n<div class=\"wp-block-uagb-info-box uagb-block-2359313e uagb-infobox__content-wrap  uagb-infobox-icon-above-title uagb-infobox-image-valign-top\"><div class=\"uagb-ifb-content\"><div class=\"uagb-ifb-title-wrap\"><span class=\"uagb-ifb-title-prefix\">O nas<\/span><h2 class=\"uagb-ifb-title\">Poznaj Polskie Towarzystwo Kolekcjonerskie<\/h2><\/div><\/div><\/div>\n\n\n\n<div class=\"wp-block-uagb-info-box uagb-block-3e6b189a uagb-infobox__content-wrap  uagb-infobox-icon-above-title uagb-infobox-image-valign-top\"><div class=\"uagb-ifb-content\"><div class=\"uagb-ifb-title-wrap\"><h3 class=\"uagb-ifb-title-prefix\">Jeste\u015bmy organizacj\u0105 non-profit z Warszawy, skupion\u0105 na historii broni palnej oraz edukacji w tym zakresie.<\/h3><p class=\"uagb-ifb-title\">Nasze Towarzystwo, za\u0142o\u017cone w 2012 roku przez pasjonat\u00f3w broni palnej, oferuje szeroki zakres publikacji, komentarzy prawnych oraz warsztat\u00f3w. Jako uznany lider w tej dziedzinie, k\u0142adziemy nacisk na edukacj\u0119 oraz odpowiedzialno\u015b\u0107, a nasze osi\u0105gni\u0119cia by\u0142y doceniane w r\u00f3\u017cnych kr\u0119gach kulturowych i prawnych.<\/p><\/div><p class=\"uagb-ifb-desc\">Od 2012 roku Polskie Towarzystwo Kolekcjonerskie przyczynia si\u0119 do edukacji i kultury w dziedzinie historii broni palnej. Nasze dzia\u0142ania przyci\u0105gn\u0119\u0142y wielu entuzjast\u00f3w, a nasze publikacje oraz wydarzenia edukacyjne zyska\u0142y uznanie w spo\u0142eczno\u015bci kolekcjonerskiej.<\/p><\/div><\/div>\n<\/div>\n\n\n\n<div class=\"wp-block-uagb-image alignleft uagb-block-aa6e2cb7 wp-block-uagb-image--layout-default wp-block-uagb-image--effect-static wp-block-uagb-image--align-left\"><figure class=\"wp-block-uagb-image__figure\"><img decoding=\"async\" srcset=\"https:\/\/kolekcjonerzy.org\/wp-content\/uploads\/2026\/04\/vintage-gun-double-barrelled-gun-6756391.jpg ,https:\/\/kolekcjonerzy.org\/wp-content\/uploads\/2024\/02\/mission-1024x400.jpg 780w, https:\/\/kolekcjonerzy.org\/wp-content\/uploads\/2024\/02\/mission-1024x400.jpg 360w\" sizes=\"auto, (max-width: 480px) 150px\" src=\"https:\/\/kolekcjonerzy.org\/wp-content\/uploads\/2026\/04\/vintage-gun-double-barrelled-gun-6756391.jpg\" alt=\"vintage gun, double-barrelled gun, old-fashioned gun, weapon, hand gun, vintage hand gun\" class=\"uag-image-438\" width=\"1200\" height=\"450\" title=\"About\" loading=\"lazy\" role=\"img\"><\/figure><\/div>\n\n\n\n<div class=\"wp-block-uagb-container uagb-block-3f9cf3b8\">\n<div class=\"wp-block-uagb-info-box uagb-block-4bbc11b0 uagb-infobox__content-wrap  uagb-infobox-icon-above-title uagb-infobox-image-valign-top\"><div class=\"uagb-ifb-content\"><div class=\"uagb-ifb-title-wrap\"><span class=\"uagb-ifb-title-prefix\">Nasza Misja<\/span><h3 class=\"uagb-ifb-title\">Edukacja, odpowiedzialno\u015b\u0107, pasja<\/h3><\/div><p class=\"uagb-ifb-desc\">Zobowi\u0105zujemy si\u0119 do promowania wiedzy na temat historii broni, zasad prawnych oraz sport\u00f3w z ni\u0105 zwi\u0105zanych. D\u0105\u017cymy do tworzenia bezpiecznej i odpowiedzialnej spo\u0142eczno\u015bci kolekcjonerskiej przez edukacj\u0119 i wsp\u00f3\u0142prac\u0119.<\/p><\/div><\/div>\n\n\n\n<div class=\"wp-block-uagb-info-box uagb-block-eba12409 uagb-infobox__content-wrap  uagb-infobox-icon-above-title uagb-infobox-image-valign-top\"><div class=\"uagb-ifb-content\"><div class=\"uagb-ifb-title-wrap\"><span class=\"uagb-ifb-title-prefix\">Nasze Warto\u015bci<\/span><h3 class=\"uagb-ifb-title\">Edukacja i odpowiedzialno\u015b\u0107<\/h3><\/div><p class=\"uagb-ifb-desc\">W Polskim Towarzystwie Kolekcjonerskim cenimy edukacj\u0119, legalno\u015b\u0107 oraz odpowiedzialno\u015b\u0107. K\u0142adziemy nacisk na dziedzictwo i precyzj\u0119 w kolekcjonowaniu, d\u0105\u017c\u0105c do kszta\u0142towania odpowiedzialnych pasjonat\u00f3w broni palnej w Polsce.<\/p><\/div><\/div>\n<\/div>\n<\/div><\/div>\n\n\n\n<div class=\"wp-block-uagb-container uagb-block-6f310176 alignfull uagb-is-root-container\"><div class=\"uagb-container-inner-blocks-wrap\">\n<div class=\"wp-block-uagb-container uagb-block-5962c3bc\">\n<div class=\"wp-block-uagb-info-box uagb-block-31e33fee uagb-infobox__content-wrap  uagb-infobox-icon-above-title uagb-infobox-image-valign-top\"><div class=\"uagb-ifb-content\"><div class=\"uagb-ifb-title-wrap\"><span class=\"uagb-ifb-title-prefix\">Cz\u0119sto Zadawane Pytania<\/span><h2 class=\"uagb-ifb-title\">Odpowiedzi na najcz\u0119\u015bciej zadawane pytania<\/h2><\/div><\/div><\/div>\n\n\n<div class=\"wp-block-uagb-faq uagb-faq__outer-wrap uagb-block-0c5731f4 uagb-faq-icon-row-reverse uagb-faq-layout-accordion uagb-faq-expand-first-true uagb-faq-inactive-other-true uagb-faq__wrap uagb-buttons-layout-wrap uagb-faq-equal-height     \" data-faqtoggle=\"true\" role=\"tablist\"><div class=\"wp-block-uagb-faq-child uagb-faq-child__outer-wrap uagb-faq-item uagb-block-8a302e01 \" role=\"tab\" tabindex=\"0\"><div class=\"uagb-faq-questions-button uagb-faq-questions\">\t\t\t<span class=\"uagb-icon uagb-faq-icon-wrap\">\n\t\t\t\t\t\t\t\t<svg xmlns=\"https:\/\/www.w3.org\/2000\/svg\" viewBox= \"0 0 384 512\"><path d=\"M192 384c-8.188 0-16.38-3.125-22.62-9.375l-160-160c-12.5-12.5-12.5-32.75 0-45.25s32.75-12.5 45.25 0L192 306.8l137.4-137.4c12.5-12.5 32.75-12.5 45.25 0s12.5 32.75 0 45.25l-160 160C208.4 380.9 200.2 384 192 384z\"><\/path><\/svg>\n\t\t\t\t\t\t\t<\/span>\n\t\t\t\t\t\t<span class=\"uagb-icon-active uagb-faq-icon-wrap\">\n\t\t\t\t\t\t\t\t<svg xmlns=\"https:\/\/www.w3.org\/2000\/svg\" viewBox= \"0 0 384 512\"><path d=\"M352 352c-8.188 0-16.38-3.125-22.62-9.375L192 205.3l-137.4 137.4c-12.5 12.5-32.75 12.5-45.25 0s-12.5-32.75 0-45.25l160-160c12.5-12.5 32.75-12.5 45.25 0l160 160c12.5 12.5 12.5 32.75 0 45.25C368.4 348.9 360.2 352 352 352z\"><\/path><\/svg>\n\t\t\t\t\t\t\t<\/span>\n\t\t\t<p class=\"uagb-question\">Co to jest Polskie Towarzystwo Kolekcjonerskie?<\/p><\/div><div class=\"uagb-faq-content\"><p>Polskie Towarzystwo Kolekcjonerskie to NGO dzia\u0142aj\u0105ce od 2012 roku w Warszawie. Jeste\u015bmy stowarzyszeniem pasjonat\u00f3w broni palnej, koncentruj\u0105cym si\u0119 na historii, edukacji i spo\u0142eczno\u015bci kolekcjonerskiej.<\/p><\/div><\/div><div class=\"wp-block-uagb-faq-child uagb-faq-child__outer-wrap uagb-faq-item uagb-block-cef63c6f \" role=\"tab\" tabindex=\"0\"><div class=\"uagb-faq-questions-button uagb-faq-questions\">\t\t\t<span class=\"uagb-icon uagb-faq-icon-wrap\">\n\t\t\t\t\t\t\t\t<svg xmlns=\"https:\/\/www.w3.org\/2000\/svg\" viewBox= \"0 0 384 512\"><path d=\"M192 384c-8.188 0-16.38-3.125-22.62-9.375l-160-160c-12.5-12.5-12.5-32.75 0-45.25s32.75-12.5 45.25 0L192 306.8l137.4-137.4c12.5-12.5 32.75-12.5 45.25 0s12.5 32.75 0 45.25l-160 160C208.4 380.9 200.2 384 192 384z\"><\/path><\/svg>\n\t\t\t\t\t\t\t<\/span>\n\t\t\t\t\t\t<span class=\"uagb-icon-active uagb-faq-icon-wrap\">\n\t\t\t\t\t\t\t\t<svg xmlns=\"https:\/\/www.w3.org\/2000\/svg\" viewBox= \"0 0 384 512\"><path d=\"M352 352c-8.188 0-16.38-3.125-22.62-9.375L192 205.3l-137.4 137.4c-12.5 12.5-32.75 12.5-45.25 0s-12.5-32.75 0-45.25l160-160c12.5-12.5 32.75-12.5 45.25 0l160 160c12.5 12.5 12.5 32.75 0 45.25C368.4 348.9 360.2 352 352 352z\"><\/path><\/svg>\n\t\t\t\t\t\t\t<\/span>\n\t\t\t<p class=\"uagb-question\">Jakie dzia\u0142ania podejmuje Towarzystwo?<\/p><\/div><div class=\"uagb-faq-content\"><p>Organizujemy wydarzenia edukacyjne, publikujemy artyku\u0142y i analizy dotycz\u0105ce broni palnej oraz wspieramy kolekcjonowanie w zgodzie z obowi\u0105zuj\u0105cymi przepisami prawa.<\/p><\/div><\/div><div class=\"wp-block-uagb-faq-child uagb-faq-child__outer-wrap uagb-faq-item uagb-block-f6a73cb6 \" role=\"tab\" tabindex=\"0\"><div class=\"uagb-faq-questions-button uagb-faq-questions\">\t\t\t<span class=\"uagb-icon uagb-faq-icon-wrap\">\n\t\t\t\t\t\t\t\t<svg xmlns=\"https:\/\/www.w3.org\/2000\/svg\" viewBox= \"0 0 384 512\"><path d=\"M192 384c-8.188 0-16.38-3.125-22.62-9.375l-160-160c-12.5-12.5-12.5-32.75 0-45.25s32.75-12.5 45.25 0L192 306.8l137.4-137.4c12.5-12.5 32.75-12.5 45.25 0s12.5 32.75 0 45.25l-160 160C208.4 380.9 200.2 384 192 384z\"><\/path><\/svg>\n\t\t\t\t\t\t\t<\/span>\n\t\t\t\t\t\t<span class=\"uagb-icon-active uagb-faq-icon-wrap\">\n\t\t\t\t\t\t\t\t<svg xmlns=\"https:\/\/www.w3.org\/2000\/svg\" viewBox= \"0 0 384 512\"><path d=\"M352 352c-8.188 0-16.38-3.125-22.62-9.375L192 205.3l-137.4 137.4c-12.5 12.5-32.75 12.5-45.25 0s-12.5-32.75 0-45.25l160-160c12.5-12.5 32.75-12.5 45.25 0l160 160c12.5 12.5 12.5 32.75 0 45.25C368.4 348.9 360.2 352 352 352z\"><\/path><\/svg>\n\t\t\t\t\t\t\t<\/span>\n\t\t\t<p class=\"uagb-question\">Kto mo\u017ce do nas do\u0142\u0105czy\u0107?<\/p><\/div><div class=\"uagb-faq-content\"><p>Ka\u017cdy entuzjasta broni palnej, niezale\u017cnie od poziomu wiedzy, mo\u017ce do nas do\u0142\u0105czy\u0107. Zach\u0119camy wszystkich, kt\u00f3rzy chc\u0105 rozwija\u0107 swoj\u0105 pasj\u0119 i zg\u0142\u0119bia\u0107 histori\u0119 tego rzemios\u0142a.<\/p><\/div><\/div><\/div><\/div>\n\n\n\n<div class=\"wp-block-uagb-container uagb-block-892c8053\">\n<div class=\"wp-block-uagb-image alignleft uagb-block-8c89d0eb wp-block-uagb-image--layout-default wp-block-uagb-image--effect-static wp-block-uagb-image--align-left\"><figure class=\"wp-block-uagb-image__figure\"><img decoding=\"async\" srcset=\"https:\/\/kolekcjonerzy.org\/wp-content\/uploads\/2026\/04\/woman-blowing-a-kiss-to-a-gun-ppmsvsvltt0.jpeg ,https:\/\/kolekcjonerzy.org\/wp-content\/uploads\/2026\/04\/woman-blowing-a-kiss-to-a-gun-ppmsvsvltt0.jpeg 780w, https:\/\/kolekcjonerzy.org\/wp-content\/uploads\/2026\/04\/woman-blowing-a-kiss-to-a-gun-ppmsvsvltt0.jpeg 360w\" sizes=\"auto, (max-width: 480px) 150px\" src=\"https:\/\/kolekcjonerzy.org\/wp-content\/uploads\/2026\/04\/woman-blowing-a-kiss-to-a-gun-ppmsvsvltt0.jpeg\" alt=\"If necessary, I will write permission for commercial use. Alexander. Kyiv. Ukraine. PayPal - alexfoto@bigmir.net Recommend themes and subjects for filming that you like best. More photos https:\/\/www.instagram.com\/alexanderkrivitskiy\/\" class=\"uag-image-451\" width=\"600\" height=\"500\" title=\"About\" loading=\"lazy\" role=\"img\"><\/figure><\/div>\n<\/div>\n<\/div><\/div>\n\n\n\n<div class=\"wp-block-uagb-container uagb-block-b684870f alignfull uagb-is-root-container\"><div class=\"uagb-container-inner-blocks-wrap\">\n<div class=\"wp-block-uagb-info-box uagb-block-f83a47d8 uagb-infobox__content-wrap  uagb-infobox-icon-above-title uagb-infobox-image-valign-top\"><div class=\"uagb-ifb-content\"><div class=\"uagb-ifb-title-wrap\"><span class=\"uagb-ifb-title-prefix\">Kolekcjonowanie to pasja na ca\u0142e \u017cycie<\/span><h2 class=\"uagb-ifb-title\">Zosta\u0144 cz\u0119\u015bci\u0105 Polskiego Towarzystwa Kolekcjonerskiego!<\/h2><\/div><p class=\"uagb-ifb-desc\">Nie przegap szansy na rozw\u00f3j swoich umiej\u0119tno\u015bci i wiedzy w kolekcjonowaniu broni.<\/p><div class=\"uagb-ifb-button-wrapper wp-block-button\"><a href=\"\/contact\/\" class=\"uagb-infobox-cta-link wp-block-button__link\" target=\"_self\" rel=\"noopener noreferrer\" onclick=\"return true;\"><span class=\"uagb-inline-editing\">Dowiedz si\u0119 wi\u0119cej<\/span><\/a><\/div><\/div><\/div>\n<\/div><\/div>\n","protected":false},"excerpt":{"rendered":"","protected":false},"author":6,"featured_media":0,"parent":0,"menu_order":0,"comment_status":"closed","ping_status":"closed","template":"","meta":{"_uag_custom_page_level_css":"","site-sidebar-layout":"default","site-content-layout":"","ast-site-content-layout":"default","site-content-style":"default","site-sidebar-style":"default","ast-global-header-display":"","ast-banner-title-visibility":"","ast-main-header-display":"","ast-hfb-above-header-display":"","ast-hfb-below-header-display":"","ast-hfb-mobile-header-display":"","site-post-title":"disabled","ast-breadcrumbs-content":"","ast-featured-img":"","footer-sml-layout":"","ast-disable-related-posts":"","theme-transparent-header-meta":"enabled","adv-header-id-meta":"","stick-header-meta":"","header-above-stick-meta":"","header-main-stick-meta":"","header-below-stick-meta":"","astra-migrate-meta-layouts":"default","ast-page-background-enabled":"default","ast-page-background-meta":{"desktop":{"background-color":"var(--ast-global-color-4)","background-image":"","background-repeat":"repeat","background-position":"center center","background-size":"auto","background-attachment":"scroll","background-type":"","background-media":"","overlay-type":"","overlay-color":"","overlay-opacity":"","overlay-gradient":""},"tablet":{"background-color":"","background-image":"","background-repeat":"repeat","background-position":"center center","background-size":"auto","background-attachment":"scroll","background-type":"","background-media":"","overlay-type":"","overlay-color":"","overlay-opacity":"","overlay-gradient":""},"mobile":{"background-color":"","background-image":"","background-repeat":"repeat","background-position":"center center","background-size":"auto","background-attachment":"scroll","background-type":"","background-media":"","overlay-type":"","overlay-color":"","overlay-opacity":"","overlay-gradient":""}},"ast-content-background-meta":{"desktop":{"background-color":"var(--ast-global-color-5)","background-image":"","background-repeat":"repeat","background-position":"center center","background-size":"auto","background-attachment":"scroll","background-type":"","background-media":"","overlay-type":"","overlay-color":"","overlay-opacity":"","overlay-gradient":""},"tablet":{"background-color":"var(--ast-global-color-5)","background-image":"","background-repeat":"repeat","background-position":"center center","background-size":"auto","background-attachment":"scroll","background-type":"","background-media":"","overlay-type":"","overlay-color":"","overlay-opacity":"","overlay-gradient":""},"mobile":{"background-color":"var(--ast-global-color-5)","background-image":"","background-repeat":"repeat","background-position":"center center","background-size":"auto","background-attachment":"scroll","background-type":"","background-media":"","overlay-type":"","overlay-color":"","overlay-opacity":"","overlay-gradient":""}},"footnotes":""},"class_list":["post-35","page","type-page","status-publish","hentry"],"uagb_featured_image_src":{"full":false,"thumbnail":false,"medium":false,"medium_large":false,"large":false,"1536x1536":false,"2048x2048":false},"uagb_author_info":{"display_name":"admin","author_link":"https:\/\/kolekcjonerzy.org\/?author=6"},"uagb_comment_info":0,"uagb_excerpt":null,"_links":{"self":[{"href":"https:\/\/kolekcjonerzy.org\/index.php?rest_route=\/wp\/v2\/pages\/35","targetHints":{"allow":["GET"]}}],"collection":[{"href":"https:\/\/kolekcjonerzy.org\/index.php?rest_route=\/wp\/v2\/pages"}],"about":[{"href":"https:\/\/kolekcjonerzy.org\/index.php?rest_route=\/wp\/v2\/types\/page"}],"author":[{"embeddable":true,"href":"https:\/\/kolekcjonerzy.org\/index.php?rest_route=\/wp\/v2\/users\/6"}],"replies":[{"embeddable":true,"href":"https:\/\/kolekcjonerzy.org\/index.php?rest_route=%2Fwp%2Fv2%2Fcomments&post=35"}],"version-history":[{"count":1,"href":"https:\/\/kolekcjonerzy.org\/index.php?rest_route=\/wp\/v2\/pages\/35\/revisions"}],"predecessor-version":[{"id":464,"href":"https:\/\/kolekcjonerzy.org\/index.php?rest_route=\/wp\/v2\/pages\/35\/revisions\/464"}],"wp:attachment":[{"href":"https:\/\/kolekcjonerzy.org\/index.php?rest_route=%2Fwp%2Fv2%2Fmedia&parent=35"}],"curies":[{"name":"wp","href":"https:\/\/api.w.org\/{rel}","templated":true}]}}